{"id":789,"date":"2024-06-04T19:57:57","date_gmt":"2024-06-04T17:57:57","guid":{"rendered":"https:\/\/induzel.com\/contacto\/"},"modified":"2025-06-23T00:33:48","modified_gmt":"2025-06-22T22:33:48","slug":"contacto","status":"publish","type":"page","link":"https:\/\/induzel.com\/do\/contacto\/","title":{"rendered":"Contacto"},"content":{"rendered":"\n\n\t<section class=\"section dark\" id=\"section_1459679051\">\n\t\t<div class=\"section-bg fill\" >\n\t\t\t<img decoding=\"async\" width=\"1600\" height=\"1000\" src=\"https:\/\/induzel.com\/wp-content\/uploads\/2024\/05\/fabricante-pergolas-bioclimaticas.webp\" class=\"bg attachment-original size-original\" alt=\"fabricante p\u00e9rgolas bioclim\u00e1ticas\" \/>\t\t\t\t\t\t<div class=\"section-bg-overlay absolute fill\"><\/div>\n\t\t\t\n\n\t\t<\/div>\n\n\t\t\n\n\t\t<div class=\"section-content relative\">\n\t\t\t\n\n\t<div id=\"gap-1510625211\" class=\"gap-element clearfix\" style=\"display:block; height:auto;\">\n\t\t\n<style>\n#gap-1510625211 {\n  padding-top: 90px;\n}\n@media (min-width:550px) {\n  #gap-1510625211 {\n    padding-top: 45px;\n  }\n}\n@media (min-width:850px) {\n  #gap-1510625211 {\n    padding-top: 90px;\n  }\n}\n<\/style>\n\t<\/div>\n\t\n\n<div class=\"row\"  id=\"row-2113792442\">\n\n\n\t<div id=\"col-349445104\" class=\"col small-12 large-12\"  >\n\t\t\t\t<div class=\"col-inner\"  >\n\t\t\t\n\t\t\t\n\n\t<div id=\"text-544865074\" class=\"text\">\n\t\t\n\n<h1>Contacta con nosotros desde Rep\u00fablica Dominicana<\/h1>\n\t\t\n<style>\n#text-544865074 {\n  font-size: 2rem;\n}\n@media (min-width:850px) {\n  #text-544865074 {\n    font-size: 2.35rem;\n  }\n}\n<\/style>\n\t<\/div>\n\t\n<p><span style=\"font-size: 140%;\">\u00bfQuieres instalar una p\u00e9rgola o un toldo y no sabes por d\u00f3nde empezar? Te ayudamos. <br \/><\/span><span style=\"font-size: 140%;\">Ofrecemos asesoramiento personalizado para dar forma a tus proyectos en Rep\u00fablica Dominicana. Solicita informaci\u00f3n sobre nuestros env\u00edos.<\/span><\/p>\n\n\t\t<\/div>\n\t\t\t\t\t<\/div>\n\n\t\n\n<\/div>\n\n\t\t<\/div>\n\n\t\t\n<style>\n#section_1459679051 {\n  padding-top: 85px;\n  padding-bottom: 85px;\n  min-height: 425px;\n}\n#section_1459679051 .section-bg-overlay {\n  background-color: rgba(0, 0, 0, 0.366);\n}\n#section_1459679051 .section-bg img {\n  object-position: 55% 40%;\n}\n@media (min-width:550px) {\n  #section_1459679051 {\n    padding-top: 30px;\n    padding-bottom: 30px;\n    min-height: 500px;\n  }\n  #section_1459679051 .section-bg-overlay {\n    background-color: rgba(0, 0, 0, 0.279);\n  }\n}\n@media (min-width:850px) {\n  #section_1459679051 {\n    min-height: 700px;\n  }\n  #section_1459679051 .section-bg-overlay {\n    background-color: rgba(0, 0, 0, 0.36);\n  }\n}\n<\/style>\n\t<\/section>\n\t\n\n\t<section class=\"section contact-icons\" id=\"section_272780332\">\n\t\t<div class=\"section-bg fill\" >\n\t\t\t\t\t\t\t\t\t\n\t\t\t\n\n\t\t<\/div>\n\n\t\t\n\n\t\t<div class=\"section-content relative\">\n\t\t\t\n\n<div class=\"row align-right\"  id=\"row-1119519505\">\n\n\n\t<div id=\"col-1557384241\" class=\"col medium-4 small-12 large-6\"  >\n\t\t\t\t<div class=\"col-inner\"  >\n\t\t\t\n\t\t\t\n\n<p><span style=\"font-size: 120%; color: #333333;\"><strong>Email<\/strong><\/span><\/p>\n<p>info@induzel.com<\/p>\n\t<div id=\"gap-1734705788\" class=\"gap-element clearfix\" style=\"display:block; height:auto;\">\n\t\t\n<style>\n#gap-1734705788 {\n  padding-top: 20px;\n}\n<\/style>\n\t<\/div>\n\t\n\n\n\t\t<\/div>\n\t\t\t\t\n<style>\n#col-1557384241 > .col-inner {\n  padding: 0px 25% 0px 0px;\n}\n<\/style>\n\t<\/div>\n\n\t\n\n\t<div id=\"col-367159651\" class=\"col medium-8 small-12 large-6 small-col-first\"  >\n\t\t\t\t<div class=\"col-inner\" style=\"background-color:rgb(255, 255, 255);\" >\n\t\t\t\n\t\t\t\n\n\t<div id=\"gap-1273988409\" class=\"gap-element clearfix\" style=\"display:block; height:auto;\">\n\t\t\n<style>\n#gap-1273988409 {\n  padding-top: 0px;\n}\n@media (min-width:850px) {\n  #gap-1273988409 {\n    padding-top: 30px;\n  }\n}\n<\/style>\n\t<\/div>\n\t\n\n\t<div id=\"text-723928699\" class=\"text\">\n\t\t\n\n<h2>Realiza tu consulta<\/h2>\n\t\t\n<style>\n#text-723928699 {\n  font-size: 1.25rem;\n}\n<\/style>\n\t<\/div>\n\t\n<p>\u00bfNecesitas informaci\u00f3n sobre nuestras p\u00e9rgolas y c\u00f3mo las enviamos a Rep\u00fablica Dominicana? Puedes preguntarnos.<\/p>\n\n<div class=\"wpcf7 no-js\" id=\"wpcf7-f132-o1\" lang=\"es-ES\" dir=\"ltr\" data-wpcf7-id=\"132\">\n<div class=\"screen-reader-response\"><p role=\"status\" aria-live=\"polite\" aria-atomic=\"true\"><\/p> <ul><\/ul><\/div>\n<form action=\"\/do\/wp-json\/wp\/v2\/pages\/789#wpcf7-f132-o1\" method=\"post\" class=\"wpcf7-form init\" aria-label=\"Formulario de contacto\" novalidate=\"novalidate\" data-status=\"init\">\n<fieldset class=\"hidden-fields-container\"><input type=\"hidden\" name=\"_wpcf7\" value=\"132\" \/><input type=\"hidden\" name=\"_wpcf7_version\" value=\"6.1.5\" \/><input type=\"hidden\" name=\"_wpcf7_locale\" value=\"es_ES\" \/><input type=\"hidden\" name=\"_wpcf7_unit_tag\" value=\"wpcf7-f132-o1\" \/><input type=\"hidden\" name=\"_wpcf7_container_post\" value=\"0\" \/><input type=\"hidden\" name=\"_wpcf7_posted_data_hash\" value=\"\" \/><input type=\"hidden\" name=\"_wpcf7_recaptcha_response\" value=\"\" \/>\n<\/fieldset>\n<p><label> Nombre<br \/>\n<span class=\"wpcf7-form-control-wrap\" data-name=\"your-name\"><input size=\"40\" maxlength=\"400\" class=\"wpcf7-form-control wpcf7-text wpcf7-validates-as-required\" autocomplete=\"name\" aria-required=\"true\" aria-invalid=\"false\" value=\"\" type=\"text\" name=\"your-name\" \/><\/span> <\/label>\n<\/p>\n<p><label> Correo<br \/>\n<span class=\"wpcf7-form-control-wrap\" data-name=\"your-email\"><input size=\"40\" maxlength=\"400\" class=\"wpcf7-form-control wpcf7-email wpcf7-validates-as-required wpcf7-text wpcf7-validates-as-email\" autocomplete=\"email\" aria-required=\"true\" aria-invalid=\"false\" value=\"\" type=\"email\" name=\"your-email\" \/><\/span> <\/label>\n<\/p>\n<p><label> Cu\u00e9ntanos c\u00f3mo quieres tu pergola<br \/>\n<span class=\"wpcf7-form-control-wrap\" data-name=\"your-message\"><textarea cols=\"40\" rows=\"10\" maxlength=\"2000\" class=\"wpcf7-form-control wpcf7-textarea\" aria-invalid=\"false\" name=\"your-message\"><\/textarea><\/span> <\/label>\n<\/p>\n<p><span class=\"wpcf7-form-control-wrap\" data-name=\"acceptance-177\"><span class=\"wpcf7-form-control wpcf7-acceptance\"><span class=\"wpcf7-list-item\"><label><input type=\"checkbox\" name=\"acceptance-177\" value=\"1\" aria-invalid=\"false\" \/><span class=\"wpcf7-list-item-label\">Acepto la <a rel=\"follow\" href=\"http:\/\/induzel.com\/politica-privacidad\/\">Pol\u00edtica de Privacidad<\/a>.<\/span><\/label><\/span><\/span><\/span><br \/>\n<span class=\"wpcf7-form-control-wrap\" data-name=\"acceptance-177\"><span class=\"wpcf7-form-control wpcf7-acceptance\"><span class=\"wpcf7-list-item\"><label><input type=\"checkbox\" name=\"acceptance-177\" value=\"1\" aria-invalid=\"false\" \/><span class=\"wpcf7-list-item-label\">He le\u00eddo y acepto la <a rel=\"follow\" href=\"https:\/\/induzel.com\/aviso-legal\/\">Aviso Legal<\/a>.<\/span><\/label><\/span><\/span><\/span><br \/>\n<span class=\"wpcf7-form-control-wrap\" data-name=\"acceptance-177\"><span class=\"wpcf7-form-control wpcf7-acceptance\"><span class=\"wpcf7-list-item\"><label><input type=\"checkbox\" name=\"acceptance-177\" value=\"1\" aria-invalid=\"false\" \/><span class=\"wpcf7-list-item-label\">Acepto <a rel=\"follow\" href=\"https:\/\/induzel.com\/politica-de-cookies\/\">Pol\u00edtica de Cookies<\/a> y dispositivos de seguimiento.<\/span><\/label><\/span><\/span><\/span>\n<\/p>\n<p><input class=\"wpcf7-form-control wpcf7-submit has-spinner\" type=\"submit\" value=\"Enviar\" \/>\n<\/p><div class=\"wpcf7-response-output\" aria-hidden=\"true\"><\/div>\n<\/form>\n<\/div>\n\n\n\n\t\t<\/div>\n\t\t\t\t\n<style>\n#col-367159651 > .col-inner {\n  padding: 10% 10% 10% 10%;\n  margin: -100px 0px 0px 0px;\n  border-radius: 10px;\n}\n@media (min-width:550px) {\n  #col-367159651 > .col-inner {\n    padding: 10% 10% 10% 10%;\n    margin: -160px 0px 0px 0px;\n  }\n}\n@media (min-width:850px) {\n  #col-367159651 > .col-inner {\n    padding: 2% 10% 5% 10%;\n    margin: -225px 0px 0px 0px;\n  }\n}\n<\/style>\n\t<\/div>\n\n\t\n\n<\/div>\n\n\t\t<\/div>\n\n\t\t\n<style>\n#section_272780332 {\n  padding-top: 20px;\n  padding-bottom: 20px;\n  background-color: #eae9f2;\n}\n@media (min-width:550px) {\n  #section_272780332 {\n    padding-top: 60px;\n    padding-bottom: 60px;\n  }\n}\n<\/style>\n\t<\/section>\n\t\n\n\t<section class=\"section\" id=\"section_1630257821\">\n\t\t<div class=\"section-bg fill\" >\n\t\t\t\t\t\t\t\t\t\n\t\t\t\n\n\t\t<\/div>\n\n\t\t\n\n\t\t<div class=\"section-content relative\">\n\t\t\t\n\n<div class=\"row\"  id=\"row-1604182846\">\n\n\n\t<div id=\"col-268308280\" class=\"col small-12 large-12\"  >\n\t\t\t\t<div class=\"col-inner\"  >\n\t\t\t\n\t\t\t\n\n\t<div id=\"text-2312919608\" class=\"text\">\n\t\t\n\n<h2 style=\"text-align: center;\">P\u00e9rgolas de mayor inter\u00e9s para nuestros clientes<\/h2>\n\t\t\n<style>\n#text-2312919608 {\n  font-size: 1.8rem;\n}\n<\/style>\n\t<\/div>\n\t\n\n\t\t<\/div>\n\t\t\t\t\t<\/div>\n\n\t\n\n<\/div>\n<div class=\"row align-center\"  id=\"row-5657207\">\n\n\n\t<div id=\"col-554059602\" class=\"col medium-6 small-12 large-4\"  >\n\t\t\t\t<div class=\"col-inner\" style=\"background-color:rgb(255,255,255);\" >\n\t\t\t\n\t\t\t\n\n\t<div class=\"box has-hover   has-hover box-text-bottom\" >\n\n\t\t<div class=\"box-image\" >\n\t\t\t\t\t\t<div class=\"image-cover\" style=\"padding-top:56.25%;\">\n\t\t\t\t<img decoding=\"async\" width=\"1073\" height=\"700\" src=\"https:\/\/induzel.com\/wp-content\/uploads\/2024\/06\/pergola-retractil.webp\" class=\"attachment- size-\" alt=\"p\u00e9rgola retr\u00e1ctil\" srcset=\"https:\/\/induzel.com\/wp-content\/uploads\/2024\/06\/pergola-retractil.webp 1073w, https:\/\/induzel.com\/wp-content\/uploads\/2024\/06\/pergola-retractil-300x196.webp 300w, https:\/\/induzel.com\/wp-content\/uploads\/2024\/06\/pergola-retractil-1024x668.webp 1024w, https:\/\/induzel.com\/wp-content\/uploads\/2024\/06\/pergola-retractil-768x501.webp 768w\" sizes=\"(max-width: 1073px) 100vw, 1073px\" \/>\t\t\t\t\t\t\t\t\t\t\t<\/div>\n\t\t\t\t\t<\/div>\n\n\t\t<div class=\"box-text text-left\" style=\"padding:30px 40px 30px 40px;\">\n\t\t\t<div class=\"box-text-inner\">\n\t\t\t\t\n\n<a href=\"https:\/\/induzel.com\/do\/pergolas\/bioclimaticas\/\" class=\"button primary is-underline\" style=\"padding:0px 0 0px 0px;\">\n\t\t<span>P\u00e9rgolas Bioclim\u00e1ticas<\/span>\n\t<\/a>\n\n\n\n\t\t\t<\/div>\n\t\t<\/div>\n\t<\/div>\n\t\n\n\t\t<\/div>\n\t\t\t\t\n<style>\n#col-554059602 > .col-inner {\n  border-radius: 10px;\n}\n<\/style>\n\t<\/div>\n\n\t\n\n\t<div id=\"col-292828077\" class=\"col medium-6 small-12 large-4\"  >\n\t\t\t\t<div class=\"col-inner\" style=\"background-color:rgb(255,255,255);\" >\n\t\t\t\n\t\t\t\n\n\t<div class=\"box has-hover   has-hover box-text-bottom\" >\n\n\t\t<div class=\"box-image\" >\n\t\t\t\t\t\t<div class=\"image-cover\" style=\"padding-top:56.25%;\">\n\t\t\t\t<img decoding=\"async\" width=\"800\" height=\"798\" src=\"https:\/\/induzel.com\/wp-content\/uploads\/2024\/06\/pergola-adosada-de-lona.webp\" class=\"attachment- size-\" alt=\"p\u00e9rgola adosada de lona\" srcset=\"https:\/\/induzel.com\/wp-content\/uploads\/2024\/06\/pergola-adosada-de-lona.webp 800w, https:\/\/induzel.com\/wp-content\/uploads\/2024\/06\/pergola-adosada-de-lona-300x300.webp 300w, https:\/\/induzel.com\/wp-content\/uploads\/2024\/06\/pergola-adosada-de-lona-150x150.webp 150w, https:\/\/induzel.com\/wp-content\/uploads\/2024\/06\/pergola-adosada-de-lona-768x766.webp 768w\" sizes=\"(max-width: 800px) 100vw, 800px\" \/>\t\t\t\t\t\t\t\t\t\t\t<\/div>\n\t\t\t\t\t<\/div>\n\n\t\t<div class=\"box-text text-left\" style=\"padding:30px 40px 30px 40px;\">\n\t\t\t<div class=\"box-text-inner\">\n\t\t\t\t\n\n<a href=\"https:\/\/induzel.com\/do\/pergolas\/lona-tensada\/\" class=\"button primary is-underline\" style=\"padding:0px 0 0px 0px;\">\n\t\t<span>P\u00e9rgolas de lona tensada<\/span>\n\t<\/a>\n\n\n\n\t\t\t<\/div>\n\t\t<\/div>\n\t<\/div>\n\t\n\n\t\t<\/div>\n\t\t\t\t\n<style>\n#col-292828077 > .col-inner {\n  border-radius: 10px;\n}\n<\/style>\n\t<\/div>\n\n\t\n\n\t<div id=\"col-1685961771\" class=\"col medium-6 small-12 large-4\"  >\n\t\t\t\t<div class=\"col-inner\" style=\"background-color:rgb(255,255,255);\" >\n\t\t\t\n\t\t\t\n\n\t<div class=\"box has-hover   has-hover box-text-bottom\" >\n\n\t\t<div class=\"box-image\" >\n\t\t\t\t\t\t<div class=\"image-cover\" style=\"padding-top:56.25%;\">\n\t\t\t\t<img decoding=\"async\" width=\"600\" height=\"525\" src=\"https:\/\/induzel.com\/wp-content\/uploads\/2024\/06\/pergolas-lamas-orientables.webp\" class=\"attachment- size-\" alt=\"p\u00e9rgolas lamas orientables\" srcset=\"https:\/\/induzel.com\/wp-content\/uploads\/2024\/06\/pergolas-lamas-orientables.webp 600w, https:\/\/induzel.com\/wp-content\/uploads\/2024\/06\/pergolas-lamas-orientables-300x263.webp 300w\" sizes=\"(max-width: 600px) 100vw, 600px\" \/>\t\t\t\t\t\t\t\t\t\t\t<\/div>\n\t\t\t\t\t<\/div>\n\n\t\t<div class=\"box-text text-left\" style=\"padding:30px 40px 30px 40px;\">\n\t\t\t<div class=\"box-text-inner\">\n\t\t\t\t\n\n<a href=\"https:\/\/induzel.com\/do\/pergolas\/jardines\/\" class=\"button primary is-underline\" style=\"padding:0px 0 0px 0px;\">\n\t\t<span>P\u00e9rgolas para jard\u00edn<\/span>\n\t<\/a>\n\n\n\n\t\t\t<\/div>\n\t\t<\/div>\n\t<\/div>\n\t\n\n\t\t<\/div>\n\t\t\t\t\n<style>\n#col-1685961771 > .col-inner {\n  border-radius: 10px;\n}\n<\/style>\n\t<\/div>\n\n\t\n\n<\/div>\n\t<div id=\"gap-2016462899\" class=\"gap-element clearfix\" style=\"display:block; height:auto;\">\n\t\t\n<style>\n#gap-2016462899 {\n  padding-top: 35px;\n}\n@media (min-width:550px) {\n  #gap-2016462899 {\n    padding-top: 100px;\n  }\n}\n<\/style>\n\t<\/div>\n\t\n\n\n\t\t<\/div>\n\n\t\t\n<style>\n#section_1630257821 {\n  padding-top: 10px;\n  padding-bottom: 10px;\n  background-color: #eae9f2;\n}\n@media (min-width:550px) {\n  #section_1630257821 {\n    padding-top: 15px;\n    padding-bottom: 15px;\n  }\n}\n<\/style>\n\t<\/section>\n\t\n\n","protected":false},"excerpt":{"rendered":"","protected":false},"author":1,"featured_media":0,"parent":0,"menu_order":0,"comment_status":"closed","ping_status":"closed","template":"page-blank.php","meta":{"footnotes":""},"class_list":["post-789","page","type-page","status-publish","hentry"],"yoast_head":"<!-- This site is optimized with the Yoast SEO Premium plugin v22.6 (Yoast SEO v27.5) - https:\/\/yoast.com\/product\/yoast-seo-premium-wordpress\/ -->\n<title>Contacta para estudiar tu proyecto en Rep. Dominicana<\/title>\n<meta name=\"description\" content=\"Si quieres instalar una p\u00e9rgola bioclim\u00e1tica en Rep\u00fablica Dominicana, no dudes en contactar con nosotros. Estudio gratuito.\" \/>\n<meta name=\"robots\" content=\"index, follow, max-snippet:-1, max-image-preview:large, max-video-preview:-1\" \/>\n<link rel=\"canonical\" href=\"https:\/\/induzel.com\/do\/contacto\/\" \/>\n<meta property=\"og:locale\" content=\"es_ES\" \/>\n<meta property=\"og:type\" content=\"article\" \/>\n<meta property=\"og:title\" content=\"Contacto\" \/>\n<meta property=\"og:description\" content=\"Si quieres instalar una p\u00e9rgola bioclim\u00e1tica en Rep\u00fablica Dominicana, no dudes en contactar con nosotros. Estudio gratuito.\" \/>\n<meta property=\"og:url\" content=\"https:\/\/induzel.com\/do\/contacto\/\" \/>\n<meta property=\"og:site_name\" content=\"Induzel\" \/>\n<meta property=\"article:modified_time\" content=\"2025-06-22T22:33:48+00:00\" \/>\n<meta name=\"twitter:card\" content=\"summary_large_image\" \/>\n<meta name=\"twitter:label1\" content=\"Est. reading time\" \/>\n\t<meta name=\"twitter:data1\" content=\"2 minutos\" \/>\n<script type=\"application\/ld+json\" class=\"yoast-schema-graph\">{\"@context\":\"https:\\\/\\\/schema.org\",\"@graph\":[{\"@type\":\"WebPage\",\"@id\":\"https:\\\/\\\/induzel.com\\\/do\\\/contacto\\\/\",\"url\":\"https:\\\/\\\/induzel.com\\\/do\\\/contacto\\\/\",\"name\":\"Contacta para estudiar tu proyecto en Rep. Dominicana\",\"isPartOf\":{\"@id\":\"https:\\\/\\\/induzel.com\\\/do\\\/#website\"},\"datePublished\":\"2024-06-04T17:57:57+00:00\",\"dateModified\":\"2025-06-22T22:33:48+00:00\",\"description\":\"Si quieres instalar una p\u00e9rgola bioclim\u00e1tica en Rep\u00fablica Dominicana, no dudes en contactar con nosotros. Estudio gratuito.\",\"breadcrumb\":{\"@id\":\"https:\\\/\\\/induzel.com\\\/do\\\/contacto\\\/#breadcrumb\"},\"inLanguage\":\"es-DO\",\"potentialAction\":[{\"@type\":\"ReadAction\",\"target\":[\"https:\\\/\\\/induzel.com\\\/do\\\/contacto\\\/\"]}]},{\"@type\":\"BreadcrumbList\",\"@id\":\"https:\\\/\\\/induzel.com\\\/do\\\/contacto\\\/#breadcrumb\",\"itemListElement\":[{\"@type\":\"ListItem\",\"position\":1,\"name\":\"Inicio\",\"item\":\"https:\\\/\\\/induzel.com\\\/do\\\/\"},{\"@type\":\"ListItem\",\"position\":2,\"name\":\"Contacto\"}]},{\"@type\":\"WebSite\",\"@id\":\"https:\\\/\\\/induzel.com\\\/do\\\/#website\",\"url\":\"https:\\\/\\\/induzel.com\\\/do\\\/\",\"name\":\"Fabricante de p\u00e9rgolas y toldos\",\"description\":\"Fabricante de p\u00e9rgolas y toldos\",\"publisher\":{\"@id\":\"https:\\\/\\\/induzel.com\\\/do\\\/#organization\"},\"potentialAction\":[{\"@type\":\"SearchAction\",\"target\":{\"@type\":\"EntryPoint\",\"urlTemplate\":\"https:\\\/\\\/induzel.com\\\/do\\\/?s={search_term_string}\"},\"query-input\":{\"@type\":\"PropertyValueSpecification\",\"valueRequired\":true,\"valueName\":\"search_term_string\"}}],\"inLanguage\":\"es-DO\"},{\"@type\":\"Organization\",\"@id\":\"https:\\\/\\\/induzel.com\\\/do\\\/#organization\",\"name\":\"Induzel\",\"url\":\"https:\\\/\\\/induzel.com\\\/do\\\/\",\"logo\":{\"@type\":\"ImageObject\",\"inLanguage\":\"es-DO\",\"@id\":\"https:\\\/\\\/induzel.com\\\/do\\\/#\\\/schema\\\/logo\\\/image\\\/\",\"url\":\"https:\\\/\\\/induzel.com\\\/wp-content\\\/uploads\\\/2024\\\/06\\\/induzel.webp\",\"contentUrl\":\"https:\\\/\\\/induzel.com\\\/wp-content\\\/uploads\\\/2024\\\/06\\\/induzel.webp\",\"width\":432,\"height\":81,\"caption\":\"Induzel\"},\"image\":{\"@id\":\"https:\\\/\\\/induzel.com\\\/do\\\/#\\\/schema\\\/logo\\\/image\\\/\"}}]}<\/script>\n<!-- \/ Yoast SEO Premium plugin. -->","yoast_head_json":{"title":"Contacta para estudiar tu proyecto en Rep. Dominicana","description":"Si quieres instalar una p\u00e9rgola bioclim\u00e1tica en Rep\u00fablica Dominicana, no dudes en contactar con nosotros. Estudio gratuito.","robots":{"index":"index","follow":"follow","max-snippet":"max-snippet:-1","max-image-preview":"max-image-preview:large","max-video-preview":"max-video-preview:-1"},"canonical":"https:\/\/induzel.com\/do\/contacto\/","og_locale":"es_ES","og_type":"article","og_title":"Contacto","og_description":"Si quieres instalar una p\u00e9rgola bioclim\u00e1tica en Rep\u00fablica Dominicana, no dudes en contactar con nosotros. Estudio gratuito.","og_url":"https:\/\/induzel.com\/do\/contacto\/","og_site_name":"Induzel","article_modified_time":"2025-06-22T22:33:48+00:00","twitter_card":"summary_large_image","twitter_misc":{"Est. reading time":"2 minutos"},"schema":{"@context":"https:\/\/schema.org","@graph":[{"@type":"WebPage","@id":"https:\/\/induzel.com\/do\/contacto\/","url":"https:\/\/induzel.com\/do\/contacto\/","name":"Contacta para estudiar tu proyecto en Rep. Dominicana","isPartOf":{"@id":"https:\/\/induzel.com\/do\/#website"},"datePublished":"2024-06-04T17:57:57+00:00","dateModified":"2025-06-22T22:33:48+00:00","description":"Si quieres instalar una p\u00e9rgola bioclim\u00e1tica en Rep\u00fablica Dominicana, no dudes en contactar con nosotros. Estudio gratuito.","breadcrumb":{"@id":"https:\/\/induzel.com\/do\/contacto\/#breadcrumb"},"inLanguage":"es-DO","potentialAction":[{"@type":"ReadAction","target":["https:\/\/induzel.com\/do\/contacto\/"]}]},{"@type":"BreadcrumbList","@id":"https:\/\/induzel.com\/do\/contacto\/#breadcrumb","itemListElement":[{"@type":"ListItem","position":1,"name":"Inicio","item":"https:\/\/induzel.com\/do\/"},{"@type":"ListItem","position":2,"name":"Contacto"}]},{"@type":"WebSite","@id":"https:\/\/induzel.com\/do\/#website","url":"https:\/\/induzel.com\/do\/","name":"Fabricante de p\u00e9rgolas y toldos","description":"Fabricante de p\u00e9rgolas y toldos","publisher":{"@id":"https:\/\/induzel.com\/do\/#organization"},"potentialAction":[{"@type":"SearchAction","target":{"@type":"EntryPoint","urlTemplate":"https:\/\/induzel.com\/do\/?s={search_term_string}"},"query-input":{"@type":"PropertyValueSpecification","valueRequired":true,"valueName":"search_term_string"}}],"inLanguage":"es-DO"},{"@type":"Organization","@id":"https:\/\/induzel.com\/do\/#organization","name":"Induzel","url":"https:\/\/induzel.com\/do\/","logo":{"@type":"ImageObject","inLanguage":"es-DO","@id":"https:\/\/induzel.com\/do\/#\/schema\/logo\/image\/","url":"https:\/\/induzel.com\/wp-content\/uploads\/2024\/06\/induzel.webp","contentUrl":"https:\/\/induzel.com\/wp-content\/uploads\/2024\/06\/induzel.webp","width":432,"height":81,"caption":"Induzel"},"image":{"@id":"https:\/\/induzel.com\/do\/#\/schema\/logo\/image\/"}}]}},"_links":{"self":[{"href":"https:\/\/induzel.com\/do\/wp-json\/wp\/v2\/pages\/789","targetHints":{"allow":["GET"]}}],"collection":[{"href":"https:\/\/induzel.com\/do\/wp-json\/wp\/v2\/pages"}],"about":[{"href":"https:\/\/induzel.com\/do\/wp-json\/wp\/v2\/types\/page"}],"author":[{"embeddable":true,"href":"https:\/\/induzel.com\/do\/wp-json\/wp\/v2\/users\/1"}],"replies":[{"embeddable":true,"href":"https:\/\/induzel.com\/do\/wp-json\/wp\/v2\/comments?post=789"}],"version-history":[{"count":1,"href":"https:\/\/induzel.com\/do\/wp-json\/wp\/v2\/pages\/789\/revisions"}],"predecessor-version":[{"id":4055,"href":"https:\/\/induzel.com\/do\/wp-json\/wp\/v2\/pages\/789\/revisions\/4055"}],"wp:attachment":[{"href":"https:\/\/induzel.com\/do\/wp-json\/wp\/v2\/media?parent=789"}],"curies":[{"name":"wp","href":"https:\/\/api.w.org\/{rel}","templated":true}]}}